{"id":701,"date":"2025-12-26T17:47:04","date_gmt":"2025-12-26T17:47:04","guid":{"rendered":"https:\/\/novasales.ai\/?page_id=701"},"modified":"2026-01-21T14:58:02","modified_gmt":"2026-01-21T14:58:02","slug":"industrias-farmaceutica","status":"publish","type":"page","link":"https:\/\/novasales.ai\/en\/industrias-farmaceutica\/","title":{"rendered":"Pharma Retail &amp; Distribution"},"content":{"rendered":"<div data-elementor-type=\"wp-page\" data-elementor-id=\"701\" class=\"elementor elementor-701\">\n\t\t\t\t<div class=\"elementor-element elementor-element-6880270 e-flex e-con-boxed e-con e-parent\" data-id=\"6880270\" data-element_type=\"container\" data-e-type=\"container\" id=\"apply-sec-hero\" data-settings=\"{&quot;background_background&quot;:&quot;classic&quot;}\">\n\t\t\t\t\t<div class=\"e-con-inner\">\n\t\t<div class=\"elementor-element elementor-element-1e5d10b9 e-flex e-con-boxed e-con e-child\" data-id=\"1e5d10b9\" data-element_type=\"container\" data-e-type=\"container\">\n\t\t\t\t\t<div class=\"e-con-inner\">\n\t\t\t\t<div class=\"elementor-element elementor-element-60b2c7d elementor-widget__width-initial grad-title elementor-widget elementor-widget-heading\" data-id=\"60b2c7d\" data-element_type=\"widget\" data-e-type=\"widget\" data-widget_type=\"heading.default\">\n\t\t\t\t\t<h1 class=\"elementor-heading-title elementor-size-default\">\"Driving pharmaceutical sales every day, even in territories beyond your reps' reach.<\/h1>\t\t\t\t<\/div>\n\t\t\t\t<div class=\"elementor-element elementor-element-713ea9e elementor-widget elementor-widget-text-editor\" data-id=\"713ea9e\" data-element_type=\"widget\" data-e-type=\"widget\" data-widget_type=\"text-editor.default\">\n\t\t\t\t\t\t\t\t\t<div class=\"react-renderer node-paragraph animatable-on-load animatable-on-load-annotatable block block-paragraph animate-has-animated\" data-pos=\"40\"><div data-node-view-wrapper=\"\"><div dir=\"auto\" data-node-view-content=\"\"><div data-node-view-content-inner=\"paragraph\"><div class=\"react-renderer node-paragraph animatable-on-load animatable-on-load-annotatable block block-paragraph animate-has-animated\" data-pos=\"40\"><div data-node-view-wrapper=\"\"><div dir=\"auto\" data-node-view-content=\"\"><div data-node-view-content-inner=\"paragraph\"><p data-start=\"1015\" data-end=\"1135\" class=\" translation-block\">NovaSales deploys an AI sales agent exclusive to your labs.<\/p><ul data-start=\"1137\" data-end=\"1310\"><li data-start=\"1137\" data-end=\"1172\"><p data-start=\"1139\" data-end=\"1172\">Connects with pharmacies via WhatsApp.<\/p><\/li><li data-start=\"1173\" data-end=\"1227\"><p data-start=\"1175\" data-end=\"1227\">Suggests smart assortments based on real purchase history.<\/p><\/li><li data-start=\"1228\" data-end=\"1272\"><p data-start=\"1230\" data-end=\"1272\">Captures orders and sends them directly to the distributor.<\/p><\/li><li data-start=\"1273\" data-end=\"1310\"><p data-start=\"1275\" data-end=\"1310\">\"Operates 24\/7 with perfect frequency.<\/p><\/li><\/ul><\/div><\/div><\/div><\/div><\/div><\/div><\/div><\/div>\t\t\t\t\t\t\t\t<\/div>\n\t\t\t\t\t<\/div>\n\t\t\t\t<\/div>\n\t\t\t\t\t<\/div>\n\t\t\t\t<\/div>\n\t\t<div class=\"elementor-element elementor-element-da29742 e-con-full e-flex e-con e-parent\" data-id=\"da29742\" data-element_type=\"container\" data-e-type=\"container\" data-settings=\"{&quot;background_background&quot;:&quot;classic&quot;}\">\n\t\t<div class=\"elementor-element elementor-element-0e7c164 e-con-full e-flex e-con e-child\" data-id=\"0e7c164\" data-element_type=\"container\" data-e-type=\"container\">\n\t\t\t\t<div class=\"elementor-element elementor-element-091e51d elementor-widget__width-initial elementor-widget elementor-widget-text-editor\" data-id=\"091e51d\" data-element_type=\"widget\" data-e-type=\"widget\" data-widget_type=\"text-editor.default\">\n\t\t\t\t\t\t\t\t\t<div class=\"react-renderer node-paragraph animatable-on-load animatable-on-load-annotatable block block-paragraph animate-has-animated\" data-pos=\"40\"><div data-node-view-wrapper=\"\"><div dir=\"auto\" data-node-view-content=\"\"><div data-node-view-content-inner=\"paragraph\">Your team can't reach every single pharmacy. NovaSales bridges that gap with 24\/7 AI-powered sales coverage.<\/div><\/div><\/div><\/div>\t\t\t\t\t\t\t\t<\/div>\n\t\t\t\t<\/div>\n\t\t\t\t<\/div>\n\t\t<div class=\"elementor-element elementor-element-4a791b6 e-grid e-con-full e-con e-child\" data-id=\"4a791b6\" data-element_type=\"container\" data-e-type=\"container\">\n\t\t\t\t<div class=\"elementor-element elementor-element-01b5b6e ekit-equal-height-disable elementor-widget elementor-widget-elementskit-icon-box\" data-id=\"01b5b6e\" data-element_type=\"widget\" data-e-type=\"widget\" data-widget_type=\"elementskit-icon-box.default\">\n\t\t\t\t\t<div class=\"ekit-wid-con\" >        <!-- link opening -->\n                <a href=\"#\" class=\"ekit_global_links\">\n                <!-- end link opening -->\n\n        <div class=\"elementskit-infobox text-center text-center icon-top-align elementor-animation-\">\n                            <div class=\"elementskit-box-header\">\n                <div class=\"elementskit-info-box-icon\">\n                    <img fetchpriority=\"high\" decoding=\"async\" width=\"1024\" height=\"1536\" src=\"https:\/\/novasales.ai\/wp-content\/uploads\/2025\/12\/3-surtido-poersonalizado.png\" class=\"attachment- size-\" alt=\"\" srcset=\"https:\/\/novasales.ai\/wp-content\/uploads\/2025\/12\/3-surtido-poersonalizado.png 1024w, https:\/\/novasales.ai\/wp-content\/uploads\/2025\/12\/3-surtido-poersonalizado-200x300.png 200w, https:\/\/novasales.ai\/wp-content\/uploads\/2025\/12\/3-surtido-poersonalizado-683x1024.png 683w, https:\/\/novasales.ai\/wp-content\/uploads\/2025\/12\/3-surtido-poersonalizado-768x1152.png 768w\" sizes=\"(max-width: 1024px) 100vw, 1024px\" \/>                <\/div>\n          <\/div>\n                <div class=\"box-body\">\n                            <h3 class=\"elementskit-info-box-title\">\n                    Targeted segmentation by pharmacy clusters.                <\/h3>\n                        \t\t  \t<p>\"Our AI prioritizes pharmacies based on potential and historical data. It ensures the optimal contact frequency to drive consistent repurchase rates.<\/p>\n                                <\/div>\n        \n        \n                <\/div>\n                <\/a>\n        <\/div>\t\t\t\t<\/div>\n\t\t\t\t<div class=\"elementor-element elementor-element-071347c ekit-equal-height-enable elementor-widget elementor-widget-elementskit-icon-box\" data-id=\"071347c\" data-element_type=\"widget\" data-e-type=\"widget\" data-widget_type=\"elementskit-icon-box.default\">\n\t\t\t\t\t<div class=\"ekit-wid-con\" >        <!-- link opening -->\n                <a href=\"#\" class=\"ekit_global_links\">\n                <!-- end link opening -->\n\n        <div class=\"elementskit-infobox text-center text-center icon-top-align elementor-animation-\">\n                            <div class=\"elementskit-box-header\">\n                <div class=\"elementskit-info-box-icon\">\n                    <img decoding=\"async\" width=\"1024\" height=\"1536\" src=\"https:\/\/novasales.ai\/wp-content\/uploads\/2025\/12\/logo-ofertas.png\" class=\"attachment- size-\" alt=\"\" srcset=\"https:\/\/novasales.ai\/wp-content\/uploads\/2025\/12\/logo-ofertas.png 1024w, https:\/\/novasales.ai\/wp-content\/uploads\/2025\/12\/logo-ofertas-200x300.png 200w, https:\/\/novasales.ai\/wp-content\/uploads\/2025\/12\/logo-ofertas-683x1024.png 683w, https:\/\/novasales.ai\/wp-content\/uploads\/2025\/12\/logo-ofertas-768x1152.png 768w\" sizes=\"(max-width: 1024px) 100vw, 1024px\" \/>                <\/div>\n          <\/div>\n                <div class=\"box-body\">\n                            <h3 class=\"elementskit-info-box-title\">\n                    AI-Driven Order Suggestions                <\/h3>\n                        \t\t  \t<p>Powered by our exclusive algorithm, each lab configures their own suggested orders based on specific KPIs.<\/p>\n                                <\/div>\n        \n        \n                <\/div>\n                <\/a>\n        <\/div>\t\t\t\t<\/div>\n\t\t\t\t<div class=\"elementor-element elementor-element-77c587f ekit-equal-height-disable elementor-widget elementor-widget-elementskit-icon-box\" data-id=\"77c587f\" data-element_type=\"widget\" data-e-type=\"widget\" data-widget_type=\"elementskit-icon-box.default\">\n\t\t\t\t\t<div class=\"ekit-wid-con\" >        <!-- link opening -->\n                <a href=\"#\" class=\"ekit_global_links\">\n                <!-- end link opening -->\n\n        <div class=\"elementskit-infobox text-center text-center icon-top-align elementor-animation-\">\n                            <div class=\"elementskit-box-header\">\n                <div class=\"elementskit-info-box-icon\">\n                    <img decoding=\"async\" width=\"1024\" height=\"1536\" src=\"https:\/\/novasales.ai\/wp-content\/uploads\/2025\/12\/distribuidores.png\" class=\"attachment- size-\" alt=\"\" srcset=\"https:\/\/novasales.ai\/wp-content\/uploads\/2025\/12\/distribuidores.png 1024w, https:\/\/novasales.ai\/wp-content\/uploads\/2025\/12\/distribuidores-200x300.png 200w, https:\/\/novasales.ai\/wp-content\/uploads\/2025\/12\/distribuidores-683x1024.png 683w, https:\/\/novasales.ai\/wp-content\/uploads\/2025\/12\/distribuidores-768x1152.png 768w\" sizes=\"(max-width: 1024px) 100vw, 1024px\" \/>                <\/div>\n          <\/div>\n                <div class=\"box-body\">\n                            <h3 class=\"elementskit-info-box-title\">\n                    Full integration with the wholesale and distribution supply chain.                <\/h3>\n                        \t\t  \t<p>\"Real-time integration with wholesalers and distributors for instant order processing. <\/p>\n                                <\/div>\n        \n        \n                <\/div>\n                <\/a>\n        <\/div>\t\t\t\t<\/div>\n\t\t\t\t<\/div>\n\t\t<div class=\"elementor-element elementor-element-7975502 e-flex e-con-boxed e-con e-parent\" data-id=\"7975502\" data-element_type=\"container\" data-e-type=\"container\" data-settings=\"{&quot;background_background&quot;:&quot;classic&quot;}\">\n\t\t\t\t\t<div class=\"e-con-inner\">\n\t\t<div class=\"elementor-element elementor-element-4caec7c e-con-full e-flex e-con e-child\" data-id=\"4caec7c\" data-element_type=\"container\" data-e-type=\"container\">\n\t\t\t\t<div class=\"elementor-element elementor-element-e7109d1 elementor-widget__width-initial elementor-widget elementor-widget-heading\" data-id=\"e7109d1\" data-element_type=\"widget\" data-e-type=\"widget\" data-widget_type=\"heading.default\">\n\t\t\t\t\t<h3 class=\"elementor-heading-title elementor-size-default\">Field Sales Reps or AI Sales Agents?<\/h3>\t\t\t\t<\/div>\n\t\t\t\t<div class=\"elementor-element elementor-element-82da692 elementor-widget__width-initial elementor-widget elementor-widget-heading\" data-id=\"82da692\" data-element_type=\"widget\" data-e-type=\"widget\" data-widget_type=\"heading.default\">\n\t\t\t\t\t<h3 class=\"elementor-heading-title elementor-size-default\">Both: Human talent + AI efficiency. <\/h3>\t\t\t\t<\/div>\n\t\t\t\t<div class=\"elementor-element elementor-element-07a3e8f elementor-widget elementor-widget-text-editor\" data-id=\"07a3e8f\" data-element_type=\"widget\" data-e-type=\"widget\" data-widget_type=\"text-editor.default\">\n\t\t\t\t\t\t\t\t\t<div class=\"react-renderer node-paragraph animatable-on-load animatable-on-load-annotatable block block-paragraph animate-has-animated\" data-pos=\"40\"><div data-node-view-wrapper=\"\"><div dir=\"auto\" data-node-view-content=\"\"><div data-node-view-content-inner=\"paragraph\"><div class=\"react-renderer node-paragraph animatable-on-load animatable-on-load-annotatable block block-paragraph animate-has-animated\" data-pos=\"833\"><div data-node-view-wrapper=\"\"><div dir=\"auto\" data-font-size=\"lg\" data-node-view-content=\"\"><div data-node-view-content-inner=\"paragraph\"><div class=\"react-renderer node-paragraph animatable-on-load animatable-on-load-annotatable block block-paragraph last-block animate-has-animated\" data-pos=\"1761\"><div data-node-view-wrapper=\"\"><div dir=\"auto\" data-font-size=\"lg\" data-node-view-content=\"\"><div data-node-view-content-inner=\"paragraph\">AI Agents enable a high-coverage strategy, providing constant contact and real-time offer communication where traditional sales resources are limited.<\/div><\/div><\/div><\/div><\/div><\/div><\/div><\/div><\/div><\/div><\/div><\/div>\t\t\t\t\t\t\t\t<\/div>\n\t\t\t\t<\/div>\n\t\t\t\t\t<\/div>\n\t\t\t\t<\/div>\n\t\t<div class=\"elementor-element elementor-element-d9025ce e-flex e-con-boxed e-con e-parent\" data-id=\"d9025ce\" data-element_type=\"container\" data-e-type=\"container\" data-settings=\"{&quot;background_background&quot;:&quot;classic&quot;}\">\n\t\t\t\t\t<div class=\"e-con-inner\">\n\t\t\t\t\t<\/div>\n\t\t\t\t<\/div>\n\t\t<div class=\"elementor-element elementor-element-38ec47a e-flex e-con-boxed e-con e-parent\" data-id=\"38ec47a\" data-element_type=\"container\" data-e-type=\"container\">\n\t\t\t\t\t<div class=\"e-con-inner\">\n\t\t\t\t<div class=\"elementor-element elementor-element-c912c83 elementor-widget__width-initial elementor-widget elementor-widget-elementskit-heading\" data-id=\"c912c83\" data-element_type=\"widget\" data-e-type=\"widget\" data-widget_type=\"elementskit-heading.default\">\n\t\t\t\t\t<div class=\"ekit-wid-con\" ><div class=\"ekit-heading elementskit-section-title-wraper center   ekit_heading_tablet-   ekit_heading_mobile-\"><h2 class=\"ekit-heading--title elementskit-section-title\">Start Today: Multiply Your Sales with Your AI Agent<\/h2><\/div><\/div>\t\t\t\t<\/div>\n\t\t<div class=\"elementor-element elementor-element-461f885 e-grid e-con-boxed e-con e-child\" data-id=\"461f885\" data-element_type=\"container\" data-e-type=\"container\">\n\t\t\t\t\t<div class=\"e-con-inner\">\n\t\t\t\t<div class=\"elementor-element elementor-element-616b55e ekit-equal-height-enable elementor-widget elementor-widget-elementskit-icon-box\" data-id=\"616b55e\" data-element_type=\"widget\" data-e-type=\"widget\" data-settings=\"{&quot;_animation&quot;:&quot;none&quot;}\" data-widget_type=\"elementskit-icon-box.default\">\n\t\t\t\t\t<div class=\"ekit-wid-con\" >        <!-- link opening -->\n                <!-- end link opening -->\n\n        <div class=\"elementskit-infobox text-left text-left icon-top-align elementor-animation-bob\">\n                    <div class=\"elementskit-box-header elementor-animation-\">\n                <div class=\"elementskit-info-box-icon\">\n                    <i aria-hidden=\"true\" class=\"elementkit-infobox-icon icon icon-sticky-note\"><\/i>\n                <\/div>\n          <\/div>\n                        <div class=\"box-body\">\n                            <h3 class=\"elementskit-info-box-title\">\n                    SaaS Subscription                <\/h3>\n                        \t\t  \t<p>Sin costos de desarrollo, servicio mensualizado en base a la escala de contactos. incluye costo variable de META y OpenAi en el valor del servicio.<\/p>\n                                        <div class=\"box-footer disable_hover_button\">\n                    <div class=\"btn-wraper\">\n                                                            <a class=\"elementskit-btn whitespace--normal\" href=\"#\">\n                                                                                                                    <\/a>\n                                                        <\/div>\n                <\/div>\n                    <\/div>\n        \n        \n                <\/div>\n        <\/div>\t\t\t\t<\/div>\n\t\t\t\t<div class=\"elementor-element elementor-element-efac67a ekit-equal-height-enable elementor-widget elementor-widget-elementskit-icon-box\" data-id=\"efac67a\" data-element_type=\"widget\" data-e-type=\"widget\" data-settings=\"{&quot;_animation&quot;:&quot;none&quot;}\" data-widget_type=\"elementskit-icon-box.default\">\n\t\t\t\t\t<div class=\"ekit-wid-con\" >        <!-- link opening -->\n                <!-- end link opening -->\n\n        <div class=\"elementskit-infobox text-left text-left icon-top-align elementor-animation-bob\">\n                    <div class=\"elementskit-box-header elementor-animation-\">\n                <div class=\"elementskit-info-box-icon\">\n                    <i aria-hidden=\"true\" class=\"elementkit-infobox-icon icon icon-Speed-Clock\"><\/i>\n                <\/div>\n          <\/div>\n                        <div class=\"box-body\">\n                            <h3 class=\"elementskit-info-box-title\">\n                    Fast Onboarding                <\/h3>\n                        \t\t  \t<p>Implementaci\u00f3n en menos de 48 horas, sin necesidad de programar. Nuestro equipo te acompa\u00f1a en cada paso del proceso.<\/p>\n                                        <div class=\"box-footer disable_hover_button\">\n                    <div class=\"btn-wraper\">\n                                                            <a class=\"elementskit-btn whitespace--normal\" href=\"#\">\n                                                                                                                    <\/a>\n                                                        <\/div>\n                <\/div>\n                    <\/div>\n        \n        \n                <\/div>\n        <\/div>\t\t\t\t<\/div>\n\t\t\t\t<div class=\"elementor-element elementor-element-7a27a46 ekit-equal-height-enable elementor-widget elementor-widget-elementskit-icon-box\" data-id=\"7a27a46\" data-element_type=\"widget\" data-e-type=\"widget\" data-settings=\"{&quot;_animation&quot;:&quot;none&quot;}\" data-widget_type=\"elementskit-icon-box.default\">\n\t\t\t\t\t<div class=\"ekit-wid-con\" >        <!-- link opening -->\n                <!-- end link opening -->\n\n        <div class=\"elementskit-infobox text-left text-left icon-top-align elementor-animation-bob\">\n                    <div class=\"elementskit-box-header elementor-animation-\">\n                <div class=\"elementskit-info-box-icon\">\n                    <i aria-hidden=\"true\" class=\"elementkit-infobox-icon icon icon-computer\"><\/i>\n                <\/div>\n          <\/div>\n                        <div class=\"box-body\">\n                            <h3 class=\"elementskit-info-box-title\">\n                    Join the Leaders:                <\/h3>\n                        \t\t  \t<p>Join the visionaries already selling more with AI-driven automation.\n<br>\n<br>\n<\/p>\n                                        <div class=\"box-footer disable_hover_button\">\n                    <div class=\"btn-wraper\">\n                                                            <a class=\"elementskit-btn whitespace--normal\" href=\"#\">\n                                                                                                                    <\/a>\n                                                        <\/div>\n                <\/div>\n                    <\/div>\n        \n        \n                <\/div>\n        <\/div>\t\t\t\t<\/div>\n\t\t\t\t\t<\/div>\n\t\t\t\t<\/div>\n\t\t<div class=\"elementor-element elementor-element-0ec761a e-con-full e-grid e-con e-child\" data-id=\"0ec761a\" data-element_type=\"container\" data-e-type=\"container\">\n\t\t\t\t<div class=\"elementor-element elementor-element-52a8b74 elementor-widget elementor-widget-heading\" data-id=\"52a8b74\" data-element_type=\"widget\" data-e-type=\"widget\" data-widget_type=\"heading.default\">\n\t\t\t\t\t<h4 class=\"elementor-heading-title elementor-size-default\">Ready to Scale Your Sales?<\/h4>\t\t\t\t<\/div>\n\t\t\t\t<div class=\"elementor-element elementor-element-97e609f elementor-align-center elementor-widget elementor-widget-button\" data-id=\"97e609f\" data-element_type=\"widget\" data-e-type=\"widget\" data-widget_type=\"button.default\">\n\t\t\t\t\t\t\t\t\t\t<a class=\"elementor-button elementor-button-link elementor-size-sm\" href=\"#\">\n\t\t\t\t\t\t<span class=\"elementor-button-content-wrapper\">\n\t\t\t\t\t\t\t\t\t<span class=\"elementor-button-text\">Book your DEMO now<\/span>\n\t\t\t\t\t<\/span>\n\t\t\t\t\t<\/a>\n\t\t\t\t\t\t\t\t<\/div>\n\t\t\t\t<\/div>\n\t\t\t\t\t<\/div>\n\t\t\t\t<\/div>\n\t\t\t\t<\/div>","protected":false},"excerpt":{"rendered":"<p>Ventas farmac\u00e9uticas todos los d\u00edas, incluso donde tu visitador no llega. NovaSales despliega un vendedor AI exclusivo de tu laboratorio. Contacta farmacias por WhatsApp Sugiere surtidos inteligentes seg\u00fan historial real Toma pedidos y los env\u00eda al distribuidor o droguer\u00eda Opera 24\/7, con frecuencia perfecta Hoy tu fuerza comercial no cubre el 100% de las farmacias.<\/p>","protected":false},"author":1,"featured_media":0,"parent":0,"menu_order":0,"comment_status":"closed","ping_status":"closed","template":"","meta":{"postBodyCss":"","postBodyMargin":[],"postBodyPadding":[],"postBodyBackground":{"backgroundType":"classic","gradient":""},"solace_meta_sidebar":"","solace_meta_container":"","solace_meta_enable_content_width":"","solace_meta_content_width":0,"solace_meta_title_alignment":"","solace_meta_author_avatar":"","solace_post_elements_order":"","solace_meta_disable_header":"","solace_meta_disable_footer":"","solace_meta_disable_title":"","footnotes":""},"class_list":["post-701","page","type-page","status-publish","hentry"],"_links":{"self":[{"href":"https:\/\/novasales.ai\/en\/wp-json\/wp\/v2\/pages\/701","targetHints":{"allow":["GET"]}}],"collection":[{"href":"https:\/\/novasales.ai\/en\/wp-json\/wp\/v2\/pages"}],"about":[{"href":"https:\/\/novasales.ai\/en\/wp-json\/wp\/v2\/types\/page"}],"author":[{"embeddable":true,"href":"https:\/\/novasales.ai\/en\/wp-json\/wp\/v2\/users\/1"}],"replies":[{"embeddable":true,"href":"https:\/\/novasales.ai\/en\/wp-json\/wp\/v2\/comments?post=701"}],"version-history":[{"count":98,"href":"https:\/\/novasales.ai\/en\/wp-json\/wp\/v2\/pages\/701\/revisions"}],"predecessor-version":[{"id":2173,"href":"https:\/\/novasales.ai\/en\/wp-json\/wp\/v2\/pages\/701\/revisions\/2173"}],"wp:attachment":[{"href":"https:\/\/novasales.ai\/en\/wp-json\/wp\/v2\/media?parent=701"}],"curies":[{"name":"wp","href":"https:\/\/api.w.org\/{rel}","templated":true}]}}